{"id":1732,"date":"2025-07-30T09:58:13","date_gmt":"2025-07-30T07:58:13","guid":{"rendered":"https:\/\/executive-events.nextron.org\/?page_id=1732"},"modified":"2025-10-07T08:17:16","modified_gmt":"2025-10-07T06:17:16","slug":"event-specialist","status":"publish","type":"page","link":"https:\/\/www.executive-events.ch\/en\/about-us\/event-specialist\/","title":{"rendered":"Event specialist"},"content":{"rendered":"\t\t<div data-elementor-type=\"wp-page\" data-elementor-id=\"1732\" class=\"elementor elementor-1732\" data-elementor-post-type=\"page\">\n\t\t\t\t\t\t<section class=\"elementor-section elementor-top-section elementor-element elementor-element-41b6212c ct-section-stretched elementor-section-height-min-height elementor-section-boxed elementor-section-height-default elementor-section-items-middle\" data-id=\"41b6212c\" data-element_type=\"section\" data-e-type=\"section\" data-settings=\"{&quot;background_background&quot;:&quot;classic&quot;}\">\n\t\t\t\t\t\t\t<div class=\"elementor-background-overlay\"><\/div>\n\t\t\t\t\t\t\t<div class=\"elementor-container elementor-column-gap-default\">\n\t\t\t\t\t<div class=\"elementor-column elementor-col-100 elementor-top-column elementor-element elementor-element-2ad39e22\" data-id=\"2ad39e22\" data-element_type=\"column\" data-e-type=\"column\">\n\t\t\t<div class=\"elementor-widget-wrap elementor-element-populated\">\n\t\t\t\t\t\t<div class=\"elementor-element elementor-element-1a88e92e elementor-widget elementor-widget-heading\" data-id=\"1a88e92e\" data-element_type=\"widget\" data-e-type=\"widget\" data-widget_type=\"heading.default\">\n\t\t\t\t<div class=\"elementor-widget-container\">\n\t\t\t\t\t<h2 class=\"elementor-heading-title elementor-size-default\">Event specialist<\/h2>\t\t\t\t<\/div>\n\t\t\t\t<\/div>\n\t\t\t\t\t<\/div>\n\t\t<\/div>\n\t\t\t\t\t<\/div>\n\t\t<\/section>\n\t\t\t\t<section class=\"elementor-section elementor-top-section elementor-element elementor-element-6c57fac elementor-section-boxed elementor-section-height-default elementor-section-height-default\" data-id=\"6c57fac\" data-element_type=\"section\" data-e-type=\"section\">\n\t\t\t\t\t\t<div class=\"elementor-container elementor-column-gap-wider\">\n\t\t\t\t\t<div class=\"elementor-column elementor-col-50 elementor-top-column elementor-element elementor-element-6def7a7\" data-id=\"6def7a7\" data-element_type=\"column\" data-e-type=\"column\">\n\t\t\t<div class=\"elementor-widget-wrap elementor-element-populated\">\n\t\t\t\t\t\t<div class=\"elementor-element elementor-element-b894fd2 elementor-widget elementor-widget-image\" data-id=\"b894fd2\" data-element_type=\"widget\" data-e-type=\"widget\" data-widget_type=\"image.default\">\n\t\t\t\t<div class=\"elementor-widget-container\">\n\t\t\t\t\t\t\t\t\t\t\t\t\t\t\t<img fetchpriority=\"high\" decoding=\"async\" width=\"2056\" height=\"2320\" src=\"https:\/\/www.executive-events.ch\/wp-content\/uploads\/2025\/06\/Portraitfoto-Otto-Duranti.jpg\" class=\"attachment-full size-full wp-image-614\" alt=\"Eventexperte - Otto Duranti\" srcset=\"https:\/\/www.executive-events.ch\/wp-content\/uploads\/2025\/06\/Portraitfoto-Otto-Duranti.jpg 2056w, https:\/\/www.executive-events.ch\/wp-content\/uploads\/2025\/06\/Portraitfoto-Otto-Duranti-266x300.jpg 266w, https:\/\/www.executive-events.ch\/wp-content\/uploads\/2025\/06\/Portraitfoto-Otto-Duranti-907x1024.jpg 907w, https:\/\/www.executive-events.ch\/wp-content\/uploads\/2025\/06\/Portraitfoto-Otto-Duranti-768x867.jpg 768w, https:\/\/www.executive-events.ch\/wp-content\/uploads\/2025\/06\/Portraitfoto-Otto-Duranti-1361x1536.jpg 1361w, https:\/\/www.executive-events.ch\/wp-content\/uploads\/2025\/06\/Portraitfoto-Otto-Duranti-1815x2048.jpg 1815w\" sizes=\"(max-width: 2056px) 100vw, 2056px\" \/>\t\t\t\t\t\t\t\t\t\t\t\t\t\t\t<\/div>\n\t\t\t\t<\/div>\n\t\t\t\t<div class=\"elementor-element elementor-element-39de04f elementor-widget elementor-widget-text-editor\" data-id=\"39de04f\" data-element_type=\"widget\" data-e-type=\"widget\" data-widget_type=\"text-editor.default\">\n\t\t\t\t<div class=\"elementor-widget-container\">\n\t\t\t\t\t\t\t\t\t<h4>Otto J. Duranti<br \/>Owner and Managing Director<\/h4><p><br \/>Swiss Federal Diploma in Hotel Management HF\/SHL<br \/>Diploma in Event Management FH\/HSW<\/p>\t\t\t\t\t\t\t\t<\/div>\n\t\t\t\t<\/div>\n\t\t\t\t\t<\/div>\n\t\t<\/div>\n\t\t\t\t<div class=\"elementor-column elementor-col-50 elementor-top-column elementor-element elementor-element-9b23dc4\" data-id=\"9b23dc4\" data-element_type=\"column\" data-e-type=\"column\">\n\t\t\t<div class=\"elementor-widget-wrap elementor-element-populated\">\n\t\t\t\t\t\t<div class=\"elementor-element elementor-element-c980447 elementor-widget elementor-widget-heading\" data-id=\"c980447\" data-element_type=\"widget\" data-e-type=\"widget\" data-widget_type=\"heading.default\">\n\t\t\t\t<div class=\"elementor-widget-container\">\n\t\t\t\t\t<h2 class=\"elementor-heading-title elementor-size-default\">Event specialist - Otto Duranti<\/h2>\t\t\t\t<\/div>\n\t\t\t\t<\/div>\n\t\t\t\t<div class=\"elementor-element elementor-element-13e1a48 elementor-widget elementor-widget-text-editor\" data-id=\"13e1a48\" data-element_type=\"widget\" data-e-type=\"widget\" data-widget_type=\"text-editor.default\">\n\t\t\t\t<div class=\"elementor-widget-container\">\n\t\t\t\t\t\t\t\t\t<p>With over 35 years of experience in the catering, events, and tourism industry, as a Swiss-certified hotelier and restaurateur HF\/SHL, I am truly passionate about organizing events with precision, creativity, and heart.<\/p><p>Together with my well-established network, I organize events that move people\u2014personally, professionally, and with that certain something.<\/p><p>Whether it&#8217;s a business event, incentive or anniversary, I am committed to ensuring that your event not only works, but also makes an impact and inspires.<\/p><p>Thanks to my many years of experience in the national and international event and tourism business, I know the key factors for success:<\/p><ul><li>efficient planning<\/li><li>perfect partners<\/li><li>strong locations<\/li><li>absolute customer focus<\/li><\/ul>\t\t\t\t\t\t\t\t<\/div>\n\t\t\t\t<\/div>\n\t\t\t\t\t<\/div>\n\t\t<\/div>\n\t\t\t\t\t<\/div>\n\t\t<\/section>\n\t\t\t\t<section class=\"elementor-section elementor-top-section elementor-element elementor-element-7cd8a50 elementor-section-boxed elementor-section-height-default elementor-section-height-default\" data-id=\"7cd8a50\" data-element_type=\"section\" data-e-type=\"section\">\n\t\t\t\t\t\t<div class=\"elementor-container elementor-column-gap-wide\">\n\t\t\t\t\t<div class=\"elementor-column elementor-col-50 elementor-top-column elementor-element elementor-element-2a561a4\" data-id=\"2a561a4\" data-element_type=\"column\" data-e-type=\"column\">\n\t\t\t<div class=\"elementor-widget-wrap elementor-element-populated\">\n\t\t\t\t\t\t<div class=\"elementor-element elementor-element-6930a23 elementor-widget elementor-widget-text-editor\" data-id=\"6930a23\" data-element_type=\"widget\" data-e-type=\"widget\" data-widget_type=\"text-editor.default\">\n\t\t\t\t<div class=\"elementor-widget-container\">\n\t\t\t\t\t\t\t\t\t<p><strong>Career and experience<\/strong><\/p><ul><li>Commercial apprenticeship at the Lake Lucerne Navigation Company in Lucerne<\/li><li>Cooking apprenticeship at the 5* Grand Hotel National Lucerne<\/li><li>Higher technical college with diploma from the Swiss Hotel Management School Lucerne HF\/SHL<\/li><li>Further training in hotel management, business administration, and gastronomy<\/li><li>Federal wine trading license A from the Wine Engineering School W\u00e4denswil<\/li><li>Diploma in Event Management at Lucerne University of Applied Sciences and Arts \u2013 Business HSW with thesis entitled \u201cTruffle Incentive Piedmont\u201d<\/li><li>Further training in sales and marketing, event and destination management, communication, and tourism<\/li><\/ul><p><strong>Most recent management positions prior to founding the company in 2005<\/strong><\/p><ul><li>National Sales Director Switzerland at the ACCOR Hotels Group (Sofitel &#8211; Novotel)<\/li><li>Product Manager Business and MICE Marketing for the Convention Bureau Lucerne and Central Switzerland at Lucerne Tourism AG<\/li><li>Senior Sales Manager for B\u00fcrgenstock Hotels &amp; Resort<\/li><\/ul>\t\t\t\t\t\t\t\t<\/div>\n\t\t\t\t<\/div>\n\t\t\t\t\t<\/div>\n\t\t<\/div>\n\t\t\t\t<div class=\"elementor-column elementor-col-50 elementor-top-column elementor-element elementor-element-5f45049\" data-id=\"5f45049\" data-element_type=\"column\" data-e-type=\"column\">\n\t\t\t<div class=\"elementor-widget-wrap elementor-element-populated\">\n\t\t\t\t\t\t<div class=\"elementor-element elementor-element-1b9fcc4 elementor-widget elementor-widget-text-editor\" data-id=\"1b9fcc4\" data-element_type=\"widget\" data-e-type=\"widget\" data-widget_type=\"text-editor.default\">\n\t\t\t\t<div class=\"elementor-widget-container\">\n\t\t\t\t\t\t\t\t\t<p>Member of national and international wine and gourmet fraternities<br \/>Member of the European Wine Knights Order (OEVE)<br \/>Officer Commander of the Confr\u00e9rie de la Cha\u00eene des R\u00f4tisseurs (the world&#8217;s oldest international gourmet club)<\/p><ul><li>Member of Mondial des Gourmet D\u00e9gustateur (International Association of Gourmets and Beverage Experts)<\/li><li>Knight (honorary member) of the Gesellschaft zu Rebl\u00fcten Luzern (Lucerne Wine Brotherhood)<\/li><li>Compagnon de la Confr\u00e9rie du Guillon (Vaud wine brotherhood)<\/li><li>Officier-Sabreur of the Confr\u00e9rie du Sabre d&#8217;or (International Champagne Brotherhood)<\/li><\/ul>\t\t\t\t\t\t\t\t<\/div>\n\t\t\t\t<\/div>\n\t\t\t\t\t<\/div>\n\t\t<\/div>\n\t\t\t\t\t<\/div>\n\t\t<\/section>\n\t\t\t\t<\/div>\n\t\t","protected":false},"excerpt":{"rendered":"<p>Massa sed elementum tempus egestas sed sed risus. Risus at ultrices mi tempus imperdiet nulla malesuada pellentesque elit.<\/p>\n","protected":false},"author":1,"featured_media":0,"parent":1717,"menu_order":11,"comment_status":"closed","ping_status":"closed","template":"","meta":{"_acf_changed":false,"footnotes":""},"class_list":["post-1732","page","type-page","status-publish","hentry"],"blocksy_meta":{"page_title_panel":"","has_hero_section":"disabled","8dde94b88eca81613eaf41e6e63df8f3":"","hero_section":"type-1","hero_elements":[{"id":"custom_title","enabled":true},{"id":"breadcrumbs","enabled":false},{"id":"custom_description","enabled":true,"description_visibility":{"desktop":true,"tablet":true,"mobile":false}},{"id":"custom_meta","enabled":true,"single_meta_elements":{"author":false,"date":false,"categories":false,"comments":false,"updated":false,"tags":false},"page_meta_elements":{"joined":true,"articles_count":true,"comments":true}}],"b57ca4d32122654dfac08b0b6ccf6716":"","hero_alignment1":"left","hero_alignment2":"center","hero_height":"230px","page_title_bg_type":"color","custom_hero_background":{"attachment_id":null},"parallax":{"desktop":false,"tablet":false,"mobile":false},"pageTitleFont":{"family":"Default","variation":"Default","size":{"desktop":"32px","tablet":"30px","mobile":"25px"},"line-height":"1.3","letter-spacing":"CT_CSS_SKIP_RULE","text-transform":"CT_CSS_SKIP_RULE","text-decoration":"CT_CSS_SKIP_RULE"},"pageTitleFontColor":{"default":{"color":"CT_CSS_SKIP_RULEDEFAULT"}},"pageMetaFont":{"family":"Default","variation":"n6","size":{"desktop":"12px","tablet":"12px","mobile":"12px"},"line-height":"1.3","letter-spacing":"CT_CSS_SKIP_RULE","text-transform":"uppercase","text-decoration":"CT_CSS_SKIP_RULE"},"pageMetaFontColor":{"default":{"color":"CT_CSS_SKIP_RULEDEFAULT"},"hover":{"color":"CT_CSS_SKIP_RULEDEFAULT"}},"pageExcerptFont":{"family":"Default","variation":"n5","size":"CT_CSS_SKIP_RULE","line-height":"CT_CSS_SKIP_RULE","letter-spacing":"CT_CSS_SKIP_RULE","text-transform":"CT_CSS_SKIP_RULE","text-decoration":"CT_CSS_SKIP_RULE"},"pageExcerptColor":{"default":{"color":"CT_CSS_SKIP_RULEDEFAULT"}},"breadcrumbsFont":{"family":"Default","variation":"n6","size":"12px","line-height":"CT_CSS_SKIP_RULE","letter-spacing":"CT_CSS_SKIP_RULE","text-transform":"uppercase","text-decoration":"CT_CSS_SKIP_RULE"},"breadcrumbsFontColor":{"default":{"color":"CT_CSS_SKIP_RULEDEFAULT"},"initial":{"color":"CT_CSS_SKIP_RULEDEFAULT"},"hover":{"color":"CT_CSS_SKIP_RULEDEFAULT"}},"pageTitleOverlay":{"default":{"color":"rgba(41, 51, 60, 0.2)"}},"pageTitleBackground":{"background_type":"color","background_pattern":"type-1","background_image":{"attachment_id":null,"x":0,"y":0},"background_repeat":"no-repeat","background_size":"auto","background_attachment":"scroll","patternColor":{"default":{"color":"#e5e7ea"}},"backgroundColor":{"default":{"color":"#EDEFF2"}}},"30bd3d82d44c93ff512d385983934a8d":"","page_structure_type":"default","page_enable_vertical_spacing":"no","918019aae6b81bb57706ceeb2d06236b":"","disable_featured_image":"no","73fc40c930f9a5400d833b8700298f2f":"","d36a9c10c230eaf6c86b3a0408a49909":"","hero_structure":"narrow","9858ffa93290afa8ac31a0a3802db0eb":"","content_style":"inherit","vertical_spacing_source":"custom","content_area_spacing":"none","background":{"background_type":"color","background_pattern":"type-1","background_image":{"attachment_id":null,"x":0,"y":0},"background_repeat":"no-repeat","background_size":"auto","background_attachment":"scroll","patternColor":{"default":{"color":"#e5e7ea"}},"backgroundColor":{"default":{"color":"CT_CSS_SKIP_RULE"}}},"content_background":{"background_type":"color","background_pattern":"type-1","background_image":{"attachment_id":null,"x":0,"y":0},"background_repeat":"no-repeat","background_size":"auto","background_attachment":"scroll","patternColor":{"default":{"color":"#e5e7ea"}},"backgroundColor":{"default":{"color":"#ffffff"}}},"content_boxed_spacing":{"desktop":"40px","tablet":"35px","mobile":"20px"},"content_boxed_radius":{"top":"3px","bottom":"3px","left":"3px","right":"3px","linked":true},"content_boxed_shadow":{"blur":18,"spread":-6,"v_offset":12,"h_offset":0,"inset":false,"enable":true,"color":{"color":"rgba(34, 56, 101, 0.04)"}},"c7e3411feaaade2bd72c8d8c1b2029c1":"","styles_descriptor":{"styles":{"desktop":"","tablet":"","mobile":""},"google_fonts":[],"version":6}},"acf":[],"_links":{"self":[{"href":"https:\/\/www.executive-events.ch\/en\/wp-json\/wp\/v2\/pages\/1732","targetHints":{"allow":["GET"]}}],"collection":[{"href":"https:\/\/www.executive-events.ch\/en\/wp-json\/wp\/v2\/pages"}],"about":[{"href":"https:\/\/www.executive-events.ch\/en\/wp-json\/wp\/v2\/types\/page"}],"author":[{"embeddable":true,"href":"https:\/\/www.executive-events.ch\/en\/wp-json\/wp\/v2\/users\/1"}],"replies":[{"embeddable":true,"href":"https:\/\/www.executive-events.ch\/en\/wp-json\/wp\/v2\/comments?post=1732"}],"version-history":[{"count":7,"href":"https:\/\/www.executive-events.ch\/en\/wp-json\/wp\/v2\/pages\/1732\/revisions"}],"predecessor-version":[{"id":2160,"href":"https:\/\/www.executive-events.ch\/en\/wp-json\/wp\/v2\/pages\/1732\/revisions\/2160"}],"up":[{"embeddable":true,"href":"https:\/\/www.executive-events.ch\/en\/wp-json\/wp\/v2\/pages\/1717"}],"wp:attachment":[{"href":"https:\/\/www.executive-events.ch\/en\/wp-json\/wp\/v2\/media?parent=1732"}],"curies":[{"name":"wp","href":"https:\/\/api.w.org\/{rel}","templated":true}]}}